{"id":306,"date":"2015-01-13T12:39:05","date_gmt":"2015-01-13T11:39:05","guid":{"rendered":"https:\/\/www.hotelmilanocesenatico.com\/de\/vacanze-bimbi-romagna\/"},"modified":"2016-06-03T10:29:06","modified_gmt":"2016-06-03T08:29:06","slug":"urlaub-kindern-romagna","status":"publish","type":"page","link":"https:\/\/www.hotelmilanocesenatico.com\/de\/urlaub-kindern-romagna\/","title":{"rendered":"Urlaub mit den Kindern in der Romagna: die Familienzimmer"},"content":{"rendered":"<p>Die Zeit vor dem Schlafengehen ist immer die heikelsten f\u00fcr Kinder.<br \/>\nWir dachten, der <strong>Themenzimmer<\/strong> f\u00fcr sie. Unsere Esplorotti, bunte M\u00e4rchenfiguren, begr\u00fc\u00dfen die kleinen G\u00e4ste mit dem besten Komfort und jede Menge Spa\u00df!<\/p>\n<p>Und f\u00fcr die Sicherheit? Keine Angst, auf Anfrage, im Zimmer finden Sie:<\/p>\n<ul>\n<li>Kinderbetten<\/li>\n<li>Wiege<\/li>\n<li>Sicherheitsgel\u00e4nder<\/li>\n<li>fl\u00e4schchenw\u00e4rmer<\/li>\n<\/ul>\n<p>&nbsp;<\/p>\n<p>Welche Aspekte genie\u00dfen Sie das Beste von<strong> Strandurlaub mit der ganzen Familie!<\/strong><\/p>\n","protected":false},"excerpt":{"rendered":"<p>Die Zeit vor dem Schlafengehen ist immer die heikelsten f\u00fcr Kinder. Wir dachten, der Themenzimmer f\u00fcr sie. Unsere Esplorotti, bunte M\u00e4rchenfiguren, begr\u00fc\u00dfen die kleinen G\u00e4ste mit dem besten Komfort und jede Menge Spa\u00df! Und f\u00fcr die Sicherheit? Keine Angst, auf Anfrage, im Zimmer finden Sie: Kinderbetten Wiege Sicherheitsgel\u00e4nder fl\u00e4schchenw\u00e4rmer &nbsp; Welche Aspekte genie\u00dfen Sie das [&hellip;]<\/p>\n","protected":false},"author":4,"featured_media":0,"parent":0,"menu_order":0,"comment_status":"closed","ping_status":"closed","template":"","meta":{"_acf_changed":false},"class_list":["post-306","page","type-page","status-publish","hentry"],"acf":[],"aioseo_notices":[],"_links":{"self":[{"href":"https:\/\/www.hotelmilanocesenatico.com\/de\/wp-json\/wp\/v2\/pages\/306","targetHints":{"allow":["GET"]}}],"collection":[{"href":"https:\/\/www.hotelmilanocesenatico.com\/de\/wp-json\/wp\/v2\/pages"}],"about":[{"href":"https:\/\/www.hotelmilanocesenatico.com\/de\/wp-json\/wp\/v2\/types\/page"}],"author":[{"embeddable":true,"href":"https:\/\/www.hotelmilanocesenatico.com\/de\/wp-json\/wp\/v2\/users\/4"}],"replies":[{"embeddable":true,"href":"https:\/\/www.hotelmilanocesenatico.com\/de\/wp-json\/wp\/v2\/comments?post=306"}],"version-history":[{"count":1,"href":"https:\/\/www.hotelmilanocesenatico.com\/de\/wp-json\/wp\/v2\/pages\/306\/revisions"}],"predecessor-version":[{"id":309,"href":"https:\/\/www.hotelmilanocesenatico.com\/de\/wp-json\/wp\/v2\/pages\/306\/revisions\/309"}],"wp:attachment":[{"href":"https:\/\/www.hotelmilanocesenatico.com\/de\/wp-json\/wp\/v2\/media?parent=306"}],"curies":[{"name":"wp","href":"https:\/\/api.w.org\/{rel}","templated":true}]}}