{"id":347,"date":"2015-01-03T14:58:46","date_gmt":"2015-01-03T13:58:46","guid":{"rendered":"https:\/\/www.hotelmilanocesenatico.com\/de\/listino-prezzi\/"},"modified":"2026-02-27T10:38:46","modified_gmt":"2026-02-27T09:38:46","slug":"preisliste","status":"publish","type":"page","link":"https:\/\/www.hotelmilanocesenatico.com\/de\/preisliste\/","title":{"rendered":"Preisliste"},"content":{"rendered":"<h3 data-start=\"135\" data-end=\"158\">Dynamische Preise<\/h3>\n<p data-start=\"160\" data-end=\"325\">Wir verwenden ein dynamisches Preissystem. Bitte f\u00fcllen Sie das untenstehende Formular aus, um schnell den besten verf\u00fcgbaren Preis f\u00fcr Ihren Aufenthalt zu erhalten.<\/p>\n<hr data-start=\"327\" data-end=\"330\" \/>\n<h2 data-start=\"332\" data-end=\"359\">Unsere Verpflegungsarten<\/h2>\n<h3 data-start=\"361\" data-end=\"380\">All Inclusive<\/h3>\n<p data-start=\"381\" data-end=\"900\">\u00dcbernachtung, italienisches s\u00fc\u00dfes und herzhaftes Fr\u00fchst\u00fccksbuffet;<br data-start=\"447\" data-end=\"450\" \/>Mittag- und Abendessen mit Men\u00fcwahl am Tisch serviert, mit Fleisch-, Fisch- und vegetarischen Gerichten sowie reichhaltigem Gem\u00fcsebuffet, warmen und kalten Vorspeisen, frischem und gekochtem Gem\u00fcse, saisonalem Obst und hausgemachten Desserts.<br data-start=\"692\" data-end=\"695\" \/>Getr\u00e4nke zu den Mahlzeiten inklusive (Flaschenwein rot und wei\u00df, Softdrinks und Wasser vom Zapfhahn).<br data-start=\"796\" data-end=\"799\" \/>Strandservice inklusive: 1 Sonnenschirm und 2 Liegen an unserem Partnerstrand.<br data-start=\"877\" data-end=\"880\" \/>Parkplatz inklusive.<\/p>\n<hr data-start=\"902\" data-end=\"905\" \/>\n<h3 data-start=\"907\" data-end=\"924\">Vollpension<\/h3>\n<p data-start=\"925\" data-end=\"1335\">\u00dcbernachtung, italienisches s\u00fc\u00dfes und herzhaftes Fr\u00fchst\u00fccksbuffet;<br data-start=\"991\" data-end=\"994\" \/>Mittag- und Abendessen mit Men\u00fcwahl am Tisch serviert, mit Fleisch-, Fisch- und vegetarischen Gerichten, reichhaltigem Gem\u00fcsebuffet, warmen und kalten Vorspeisen, frischem und gekochtem Gem\u00fcse, saisonalem Obst und hausgemachten Desserts.<br data-start=\"1231\" data-end=\"1234\" \/>Getr\u00e4nke zu den Mahlzeiten inklusive (Flaschenwein rot und wei\u00df, Softdrinks und Wasser vom Zapfhahn).<\/p>\n<hr data-start=\"1337\" data-end=\"1340\" \/>\n<h3 data-start=\"1342\" data-end=\"1359\">Halbpension<\/h3>\n<p data-start=\"1360\" data-end=\"1779\">\u00dcbernachtung, italienisches s\u00fc\u00dfes und herzhaftes Fr\u00fchst\u00fccksbuffet;<br data-start=\"1426\" data-end=\"1429\" \/>Mittagessen <strong data-start=\"1441\" data-end=\"1449\">oder<\/strong> Abendessen mit Men\u00fcwahl am Tisch serviert, mit Fleisch-, Fisch- und vegetarischen Gerichten, reichhaltigem Gem\u00fcsebuffet, warmen und kalten Vorspeisen, frischem und gekochtem Gem\u00fcse, saisonalem Obst und hausgemachten Desserts.<br data-start=\"1675\" data-end=\"1678\" \/>Getr\u00e4nke zu den Mahlzeiten inklusive (Flaschenwein rot und wei\u00df, Softdrinks und Wasser vom Zapfhahn).<\/p>\n<hr data-start=\"1781\" data-end=\"1784\" \/>\n<h3 data-start=\"1786\" data-end=\"1813\">Bed &amp; Breakfast (B&amp;B)<\/h3>\n<p data-start=\"1814\" data-end=\"1883\">\u00dcbernachtung und italienisches s\u00fc\u00dfes und herzhaftes Fr\u00fchst\u00fccksbuffet.<\/p>\n<hr data-start=\"1885\" data-end=\"1888\" \/>\n<h3 data-start=\"1890\" data-end=\"1912\">Nur \u00dcbernachtung<\/h3>\n<p data-start=\"1913\" data-end=\"1930\">Nur \u00dcbernachtung.<\/p>\n<hr data-start=\"1932\" data-end=\"1935\" \/>\n<h2 data-start=\"1937\" data-end=\"1978\">Unsere kostenlosen Services &amp; Bereiche<\/h2>\n<ul data-start=\"1980\" data-end=\"2608\">\n<li data-start=\"1980\" data-end=\"2027\">\n<p data-start=\"1982\" data-end=\"2027\">Klimaanlage in allen Zimmern mit Thermostat<\/p>\n<\/li>\n<li data-start=\"2028\" data-end=\"2076\">\n<p data-start=\"2030\" data-end=\"2076\">Highspeed-WLAN mit 100 MB Glasfaseranschluss<\/p>\n<\/li>\n<li data-start=\"2077\" data-end=\"2138\">\n<p data-start=\"2079\" data-end=\"2138\">Mini-Club und Outdoor-Spielbereich mit weichem Kunstrasen<\/p>\n<\/li>\n<li data-start=\"2139\" data-end=\"2183\">\n<p data-start=\"2141\" data-end=\"2183\">Whirlpool-Pool (9 m x 6 m \u2013 Tiefe 90 cm)<\/p>\n<\/li>\n<li data-start=\"2184\" data-end=\"2202\">\n<p data-start=\"2186\" data-end=\"2202\">Sonnenterrasse<\/p>\n<\/li>\n<li data-start=\"2203\" data-end=\"2220\">\n<p data-start=\"2205\" data-end=\"2220\">Mehrzweckraum<\/p>\n<\/li>\n<li data-start=\"2221\" data-end=\"2258\">\n<p data-start=\"2223\" data-end=\"2258\">Fr\u00fchst\u00fcck im Freien (auf Anfrage)<\/p>\n<\/li>\n<li data-start=\"2259\" data-end=\"2278\">\n<p data-start=\"2261\" data-end=\"2278\">Zeitungsservice<\/p>\n<\/li>\n<li data-start=\"2279\" data-end=\"2306\">\n<p data-start=\"2281\" data-end=\"2306\">Gro\u00dfer Garten f\u00fcr G\u00e4ste<\/p>\n<\/li>\n<li data-start=\"2307\" data-end=\"2374\">\n<p data-start=\"2309\" data-end=\"2374\">Fahrradverleih f\u00fcr Erwachsene mit Kindersitzen (max. 2 Stunden)<\/p>\n<\/li>\n<li data-start=\"2375\" data-end=\"2410\">\n<p data-start=\"2377\" data-end=\"2410\">Digitaler Safe in allen Zimmern<\/p>\n<\/li>\n<li data-start=\"2411\" data-end=\"2422\">\n<p data-start=\"2413\" data-end=\"2422\">Minibar<\/p>\n<\/li>\n<li data-start=\"2423\" data-end=\"2482\">\n<p data-start=\"2425\" data-end=\"2482\">Smart-Key-System f\u00fcr Zimmerzugang und Servicefunktionen<\/p>\n<\/li>\n<li data-start=\"2483\" data-end=\"2499\">\n<p data-start=\"2485\" data-end=\"2499\">Haartrockner<\/p>\n<\/li>\n<li data-start=\"2500\" data-end=\"2515\">\n<p data-start=\"2502\" data-end=\"2515\">Duschkabine<\/p>\n<\/li>\n<li data-start=\"2516\" data-end=\"2560\">\n<p data-start=\"2518\" data-end=\"2560\">Satelliten-TV mit mehrsprachigen Sendern<\/p>\n<\/li>\n<li data-start=\"2561\" data-end=\"2571\">\n<p data-start=\"2563\" data-end=\"2571\">Aufzug<\/p>\n<\/li>\n<li data-start=\"2572\" data-end=\"2608\">\n<p data-start=\"2574\" data-end=\"2608\">Rezeption von 8:00 bis 24:00 Uhr<\/p>\n<\/li>\n<\/ul>\n<hr data-start=\"2610\" data-end=\"2613\" \/>\n<h2 data-start=\"2615\" data-end=\"2627\">Parkplatz<\/h2>\n<p data-start=\"2629\" data-end=\"2725\">Parkservice nach Reservierung: <strong data-start=\"2660\" data-end=\"2678\">6,00 \u20ac pro Tag<\/strong>.<br data-start=\"2679\" data-end=\"2682\" \/>Zwei M\u00f6glichkeiten je nach Verf\u00fcgbarkeit:<\/p>\n<ul data-start=\"2726\" data-end=\"2813\">\n<li data-start=\"2726\" data-end=\"2755\">\n<p data-start=\"2728\" data-end=\"2755\">Parkplatz direkt am Hotel<\/p>\n<\/li>\n<li data-start=\"2756\" data-end=\"2813\">\n<p data-start=\"2758\" data-end=\"2813\">Unbewachter Au\u00dfenparkplatz 1.200 m vom Hotel entfernt<\/p>\n<\/li>\n<\/ul>\n<hr data-start=\"2815\" data-end=\"2818\" \/>\n<h2 data-start=\"2820\" data-end=\"2832\">Zuschl\u00e4ge<\/h2>\n<ul data-start=\"2834\" data-end=\"3171\">\n<li data-start=\"2834\" data-end=\"2873\">\n<p data-start=\"2836\" data-end=\"2873\">Einzelzimmer (pro Tag): <strong data-start=\"2860\" data-end=\"2871\">10,00 \u20ac<\/strong><\/p>\n<\/li>\n<li data-start=\"2874\" data-end=\"2919\">\n<p data-start=\"2876\" data-end=\"2919\">Doppelzimmer zur Einzelnutzung: <strong data-start=\"2908\" data-end=\"2917\">+50 %<\/strong><\/p>\n<\/li>\n<li data-start=\"2920\" data-end=\"2963\">\n<p data-start=\"2922\" data-end=\"2963\">Haustiere (pro Aufenthalt): <strong data-start=\"2950\" data-end=\"2961\">25,00 \u20ac<\/strong><\/p>\n<\/li>\n<li data-start=\"2964\" data-end=\"3008\">\n<p data-start=\"2966\" data-end=\"3008\">Late Check-out (pro Zimmer): <strong data-start=\"2995\" data-end=\"3006\">30,00 \u20ac<\/strong><\/p>\n<\/li>\n<li data-start=\"3009\" data-end=\"3071\">\n<p data-start=\"3011\" data-end=\"3071\">Extra-Mittagessen Erwachsene\/Kinder: <strong data-start=\"3048\" data-end=\"3069\">25,00 \u20ac \/ 20,00 \u20ac<\/strong><\/p>\n<\/li>\n<li data-start=\"3072\" data-end=\"3171\">\n<p data-start=\"3074\" data-end=\"3171\">Strandservice (1 Sonnenschirm + 2 Liegen pro Tag \u2013 nicht im All Inclusive enthalten): <strong data-start=\"3160\" data-end=\"3171\">15,00 \u20ac<\/strong><\/p>\n<\/li>\n<\/ul>\n<hr data-start=\"3173\" data-end=\"3176\" \/>\n<h2 data-start=\"3178\" data-end=\"3192\">Bedingungen<\/h2>\n<ul data-start=\"3194\" data-end=\"3435\">\n<li data-start=\"3194\" data-end=\"3277\">\n<p data-start=\"3196\" data-end=\"3277\">Zimmer verf\u00fcgbar ab <strong data-start=\"3216\" data-end=\"3229\">14:00 Uhr<\/strong> am Anreisetag bis <strong data-start=\"3248\" data-end=\"3261\">10:00 Uhr<\/strong> am Abreisetag<\/p>\n<\/li>\n<li data-start=\"3278\" data-end=\"3365\">\n<p data-start=\"3280\" data-end=\"3365\">Nicht eingenommene Mahlzeiten werden nicht erstattet; auf Wunsch Lunchpaket m\u00f6glich<\/p>\n<\/li>\n<li data-start=\"3366\" data-end=\"3435\">\n<p data-start=\"3368\" data-end=\"3435\">Bei Buchung ist eine Anzahlung innerhalb von 7 Tagen erforderlich<\/p>\n<\/li>\n<\/ul>\n<h2 data-start=\"55\" data-end=\"90\"><strong data-start=\"63\" data-end=\"90\">Stornierungsbedingungen<\/strong><\/h2>\n<p data-start=\"92\" data-end=\"260\">Eine Stornierung der Reservierung ist bis zu 15 Tage vor Anreise m\u00f6glich. Der bereits gezahlte Betrag wird in Form eines Gutscheins erstattet, der 12 Monate g\u00fcltig ist.<\/p>\n<p data-start=\"262\" data-end=\"359\">Bei einer Stornierung weniger als 15 Tage vor Anreise wird die Anzahlung vollst\u00e4ndig einbehalten.<\/p>\n<p data-start=\"361\" data-end=\"483\">Die Anzahlung kann versichert werden: Auf Anfrage stellen wir Ihnen gerne alle erforderlichen Informationen zur Verf\u00fcgung.<\/p>\n<p data-start=\"485\" data-end=\"575\">Im Falle einer vorzeitigen Abreise wird ein Betrag in H\u00f6he von 3 \u00dcbernachtungen berechnet.<\/p>\n<p>&nbsp;<\/p>\n<hr data-start=\"3690\" data-end=\"3693\" \/>\n<h2 data-start=\"3695\" data-end=\"3712\">Bankverbindung<\/h2>\n<p data-start=\"3714\" data-end=\"3794\">Credito Cooperativo Romagnolo \u2013 BCC di Cesena Gatteo Mare<br data-start=\"3771\" data-end=\"3774\" \/>Filiale Cesenatico<\/p>\n<p data-start=\"3796\" data-end=\"3860\">Kontoinhaber: <strong data-start=\"3810\" data-end=\"3824\">Cosmea Srl<\/strong><br data-start=\"3824\" data-end=\"3827\" \/>Viale dei Mille, 7 \u2013 Cesenatico<\/p>\n<p data-start=\"3862\" data-end=\"3899\"><strong data-start=\"3862\" data-end=\"3899\">IBAN: IT21Z0707024001000000418916<\/strong><\/p>\n<hr data-start=\"3901\" data-end=\"3904\" \/>\n<h3 data-start=\"3906\" data-end=\"4001\">Genie\u00dfen Sie das Beste Ihres Strandurlaubs \u2013 fordern Sie jetzt Ihr pers\u00f6nliches Angebot an!<\/h3>\n","protected":false},"excerpt":{"rendered":"<p>Dynamische Preise Wir verwenden ein dynamisches Preissystem. Bitte f\u00fcllen Sie das untenstehende Formular aus, um schnell den besten verf\u00fcgbaren Preis f\u00fcr Ihren Aufenthalt zu erhalten. Unsere Verpflegungsarten All Inclusive \u00dcbernachtung, italienisches s\u00fc\u00dfes und herzhaftes Fr\u00fchst\u00fccksbuffet;Mittag- und Abendessen mit Men\u00fcwahl am Tisch serviert, mit Fleisch-, Fisch- und vegetarischen Gerichten sowie reichhaltigem Gem\u00fcsebuffet, warmen und kalten Vorspeisen, [&hellip;]<\/p>\n","protected":false},"author":4,"featured_media":0,"parent":0,"menu_order":0,"comment_status":"closed","ping_status":"closed","template":"","meta":{"_acf_changed":false},"class_list":["post-347","page","type-page","status-publish","hentry"],"acf":[],"aioseo_notices":[],"_links":{"self":[{"href":"https:\/\/www.hotelmilanocesenatico.com\/de\/wp-json\/wp\/v2\/pages\/347","targetHints":{"allow":["GET"]}}],"collection":[{"href":"https:\/\/www.hotelmilanocesenatico.com\/de\/wp-json\/wp\/v2\/pages"}],"about":[{"href":"https:\/\/www.hotelmilanocesenatico.com\/de\/wp-json\/wp\/v2\/types\/page"}],"author":[{"embeddable":true,"href":"https:\/\/www.hotelmilanocesenatico.com\/de\/wp-json\/wp\/v2\/users\/4"}],"replies":[{"embeddable":true,"href":"https:\/\/www.hotelmilanocesenatico.com\/de\/wp-json\/wp\/v2\/comments?post=347"}],"version-history":[{"count":3,"href":"https:\/\/www.hotelmilanocesenatico.com\/de\/wp-json\/wp\/v2\/pages\/347\/revisions"}],"predecessor-version":[{"id":1898,"href":"https:\/\/www.hotelmilanocesenatico.com\/de\/wp-json\/wp\/v2\/pages\/347\/revisions\/1898"}],"wp:attachment":[{"href":"https:\/\/www.hotelmilanocesenatico.com\/de\/wp-json\/wp\/v2\/media?parent=347"}],"curies":[{"name":"wp","href":"https:\/\/api.w.org\/{rel}","templated":true}]}}