{"id":353,"date":"2015-01-13T09:49:24","date_gmt":"2015-01-13T08:49:24","guid":{"rendered":"https:\/\/www.hotelmilanocesenatico.com\/de\/albergo-cesenatico-servizi\/"},"modified":"2016-04-21T18:34:36","modified_gmt":"2016-04-21T16:34:36","slug":"schwimmbad-unterwassermassage-parkplaetze","status":"publish","type":"page","link":"https:\/\/www.hotelmilanocesenatico.com\/de\/schwimmbad-unterwassermassage-parkplaetze\/","title":{"rendered":"Hotel mit Schwimmbad, Unterwassermassage und Parkpl\u00e4tze in Cesenatico"},"content":{"rendered":"<h2>Ihr Urlaub nur 80 Meter vom Meer entfernt<\/h2>\n<p>Am Hotel Milano kommen Sie bitte mit vielen Dienstleistungenen<\/p>\n<ul>\n<li>Whirl pool mit Solarium<\/li>\n<li>Parken<\/li>\n<li>Kinderspielecke<\/li>\n<li>Service &#8222;all inclusive&#8220; auf Anfrage: 1 Sonnenschirm, 2 Liegen und Getr\u00e4nke (in Karaffe)<\/li>\n<li>Ruhebereich im Garten<\/li>\n<li>Ruheraum im Hotel<\/li>\n<li>Klimaanlage<\/li>\n<li>Wi-Fi und Internet point<\/li>\n<li>Bar<\/li>\n<li>Fahrradservice<\/li>\n<li>Haustiere erlaubt<\/li>\n<li>Concierge 24\/24<\/li>\n<li>Kreditkarten werden akzeptiert (auch American Express)<\/li>\n<li>Zeitungsservice<\/li>\n<\/ul>\n<p>&nbsp;<\/p>\n\n\t\t<style type=\"text\/css\">\n\t\t\t#gallery-1 {\n\t\t\t\tmargin: auto;\n\t\t\t}\n\t\t\t#gallery-1 .gallery-item {\n\t\t\t\tfloat: left;\n\t\t\t\tmargin-top: 10px;\n\t\t\t\ttext-align: center;\n\t\t\t\twidth: 33%;\n\t\t\t}\n\t\t\t#gallery-1 img {\n\t\t\t\tborder: 2px solid #cfcfcf;\n\t\t\t}\n\t\t\t#gallery-1 .gallery-caption {\n\t\t\t\tmargin-left: 0;\n\t\t\t}\n\t\t\t\/* see gallery_shortcode() in wp-includes\/media.php *\/\n\t\t<\/style>\n\t\t<div id='gallery-1' class='gallery galleryid-353 gallery-columns-3 gallery-size-medium'><dl class='gallery-item'>\n\t\t\t<dt class='gallery-icon landscape'>\n\t\t\t\t<a href='https:\/\/www.hotelmilanocesenatico.com\/wp-content\/uploads\/2015\/01\/esterno.jpg' data-rel=\"shadowbox['gallery']\"><img fetchpriority=\"high\" decoding=\"async\" width=\"415\" height=\"415\" src=\"https:\/\/www.hotelmilanocesenatico.com\/wp-content\/uploads\/2015\/01\/esterno-415x415.jpg\" class=\"attachment-medium size-medium\" alt=\"\" aria-describedby=\"gallery-1-669\" srcset=\"https:\/\/www.hotelmilanocesenatico.com\/wp-content\/uploads\/2015\/01\/esterno-415x415.jpg 415w, https:\/\/www.hotelmilanocesenatico.com\/wp-content\/uploads\/2015\/01\/esterno-250x250.jpg 250w\" sizes=\"(max-width: 415px) 100vw, 415px\" \/><\/a>\n\t\t\t<\/dt>\n\t\t\t\t<dd class='wp-caption-text gallery-caption' id='gallery-1-669'>\n\t\t\t\tIngresso viale dei Mille\n\t\t\t\t<\/dd><\/dl><dl class='gallery-item'>\n\t\t\t<dt class='gallery-icon landscape'>\n\t\t\t\t<a href='https:\/\/www.hotelmilanocesenatico.com\/wp-content\/uploads\/2015\/01\/piscina.jpg' data-rel=\"shadowbox['gallery']\"><img decoding=\"async\" width=\"415\" height=\"415\" data-src=\"https:\/\/www.hotelmilanocesenatico.com\/wp-content\/uploads\/2015\/01\/piscina-415x415.jpg\" class=\"attachment-medium size-medium lazyload\" alt=\"\" aria-describedby=\"gallery-1-672\" data-srcset=\"https:\/\/www.hotelmilanocesenatico.com\/wp-content\/uploads\/2015\/01\/piscina-415x415.jpg 415w, https:\/\/www.hotelmilanocesenatico.com\/wp-content\/uploads\/2015\/01\/piscina-250x250.jpg 250w\" data-sizes=\"(max-width: 415px) 100vw, 415px\" src=\"data:image\/svg+xml;base64,PHN2ZyB3aWR0aD0iMSIgaGVpZ2h0PSIxIiB4bWxucz0iaHR0cDovL3d3dy53My5vcmcvMjAwMC9zdmciPjwvc3ZnPg==\" style=\"--smush-placeholder-width: 415px; --smush-placeholder-aspect-ratio: 415\/415;\" \/><\/a>\n\t\t\t<\/dt>\n\t\t\t\t<dd class='wp-caption-text gallery-caption' id='gallery-1-672'>\n\t\t\t\tPiscina idromassaggio\n\t\t\t\t<\/dd><\/dl><dl class='gallery-item'>\n\t\t\t<dt class='gallery-icon landscape'>\n\t\t\t\t<a href='https:\/\/www.hotelmilanocesenatico.com\/wp-content\/uploads\/2015\/01\/camera1.jpg' data-rel=\"shadowbox['gallery']\"><img decoding=\"async\" width=\"415\" height=\"415\" data-src=\"https:\/\/www.hotelmilanocesenatico.com\/wp-content\/uploads\/2015\/01\/camera1-415x415.jpg\" class=\"attachment-medium size-medium lazyload\" alt=\"\" data-srcset=\"https:\/\/www.hotelmilanocesenatico.com\/wp-content\/uploads\/2015\/01\/camera1-415x415.jpg 415w, https:\/\/www.hotelmilanocesenatico.com\/wp-content\/uploads\/2015\/01\/camera1-250x250.jpg 250w\" data-sizes=\"(max-width: 415px) 100vw, 415px\" src=\"data:image\/svg+xml;base64,PHN2ZyB3aWR0aD0iMSIgaGVpZ2h0PSIxIiB4bWxucz0iaHR0cDovL3d3dy53My5vcmcvMjAwMC9zdmciPjwvc3ZnPg==\" style=\"--smush-placeholder-width: 415px; --smush-placeholder-aspect-ratio: 415\/415;\" \/><\/a>\n\t\t\t<\/dt><\/dl><br style=\"clear: both\" \/><dl class='gallery-item'>\n\t\t\t<dt class='gallery-icon portrait'>\n\t\t\t\t<a href='https:\/\/www.hotelmilanocesenatico.com\/wp-content\/uploads\/2015\/01\/camera.jpg' data-rel=\"shadowbox['gallery']\"><img decoding=\"async\" width=\"415\" height=\"415\" data-src=\"https:\/\/www.hotelmilanocesenatico.com\/wp-content\/uploads\/2015\/01\/camera-415x415.jpg\" class=\"attachment-medium size-medium lazyload\" alt=\"\" data-srcset=\"https:\/\/www.hotelmilanocesenatico.com\/wp-content\/uploads\/2015\/01\/camera-415x415.jpg 415w, https:\/\/www.hotelmilanocesenatico.com\/wp-content\/uploads\/2015\/01\/camera-250x250.jpg 250w\" data-sizes=\"(max-width: 415px) 100vw, 415px\" src=\"data:image\/svg+xml;base64,PHN2ZyB3aWR0aD0iMSIgaGVpZ2h0PSIxIiB4bWxucz0iaHR0cDovL3d3dy53My5vcmcvMjAwMC9zdmciPjwvc3ZnPg==\" style=\"--smush-placeholder-width: 415px; --smush-placeholder-aspect-ratio: 415\/415;\" \/><\/a>\n\t\t\t<\/dt><\/dl><dl class='gallery-item'>\n\t\t\t<dt class='gallery-icon landscape'>\n\t\t\t\t<a href='https:\/\/www.hotelmilanocesenatico.com\/wp-content\/uploads\/2015\/01\/bar2.jpg' data-rel=\"shadowbox['gallery']\"><img decoding=\"async\" width=\"415\" height=\"415\" data-src=\"https:\/\/www.hotelmilanocesenatico.com\/wp-content\/uploads\/2015\/01\/bar2-415x415.jpg\" class=\"attachment-medium size-medium lazyload\" alt=\"\" aria-describedby=\"gallery-1-651\" data-srcset=\"https:\/\/www.hotelmilanocesenatico.com\/wp-content\/uploads\/2015\/01\/bar2-415x415.jpg 415w, https:\/\/www.hotelmilanocesenatico.com\/wp-content\/uploads\/2015\/01\/bar2-250x250.jpg 250w\" data-sizes=\"(max-width: 415px) 100vw, 415px\" src=\"data:image\/svg+xml;base64,PHN2ZyB3aWR0aD0iMSIgaGVpZ2h0PSIxIiB4bWxucz0iaHR0cDovL3d3dy53My5vcmcvMjAwMC9zdmciPjwvc3ZnPg==\" style=\"--smush-placeholder-width: 415px; --smush-placeholder-aspect-ratio: 415\/415;\" \/><\/a>\n\t\t\t<\/dt>\n\t\t\t\t<dd class='wp-caption-text gallery-caption' id='gallery-1-651'>\n\t\t\t\tAngolo Reception\n\t\t\t\t<\/dd><\/dl><dl class='gallery-item'>\n\t\t\t<dt class='gallery-icon landscape'>\n\t\t\t\t<a href='https:\/\/www.hotelmilanocesenatico.com\/wp-content\/uploads\/2015\/01\/bar.jpg' data-rel=\"shadowbox['gallery']\"><img decoding=\"async\" width=\"415\" height=\"415\" data-src=\"https:\/\/www.hotelmilanocesenatico.com\/wp-content\/uploads\/2015\/01\/bar-415x415.jpg\" class=\"attachment-medium size-medium lazyload\" alt=\"\" data-srcset=\"https:\/\/www.hotelmilanocesenatico.com\/wp-content\/uploads\/2015\/01\/bar-415x415.jpg 415w, https:\/\/www.hotelmilanocesenatico.com\/wp-content\/uploads\/2015\/01\/bar-250x250.jpg 250w\" data-sizes=\"(max-width: 415px) 100vw, 415px\" src=\"data:image\/svg+xml;base64,PHN2ZyB3aWR0aD0iMSIgaGVpZ2h0PSIxIiB4bWxucz0iaHR0cDovL3d3dy53My5vcmcvMjAwMC9zdmciPjwvc3ZnPg==\" style=\"--smush-placeholder-width: 415px; --smush-placeholder-aspect-ratio: 415\/415;\" \/><\/a>\n\t\t\t<\/dt><\/dl><br style=\"clear: both\" \/>\n\t\t<\/div>\n\n<p>&nbsp;<\/p>\n<h2><strong> Erhalten Sie Ihr individuelles Angebot oder rufen Sie an 0547.80128<br \/>\n<\/strong><\/h2>\n<script type=\"text\/javascript\">var gform;gform||(document.addEventListener(\"gform_main_scripts_loaded\",function(){gform.scriptsLoaded=!0}),window.addEventListener(\"DOMContentLoaded\",function(){gform.domLoaded=!0}),gform={domLoaded:!1,scriptsLoaded:!1,initializeOnLoaded:function(o){gform.domLoaded&&gform.scriptsLoaded?o():!gform.domLoaded&&gform.scriptsLoaded?window.addEventListener(\"DOMContentLoaded\",o):document.addEventListener(\"gform_main_scripts_loaded\",o)},hooks:{action:{},filter:{}},addAction:function(o,n,r,t){gform.addHook(\"action\",o,n,r,t)},addFilter:function(o,n,r,t){gform.addHook(\"filter\",o,n,r,t)},doAction:function(o){gform.doHook(\"action\",o,arguments)},applyFilters:function(o){return gform.doHook(\"filter\",o,arguments)},removeAction:function(o,n){gform.removeHook(\"action\",o,n)},removeFilter:function(o,n,r){gform.removeHook(\"filter\",o,n,r)},addHook:function(o,n,r,t,i){null==gform.hooks[o][n]&&(gform.hooks[o][n]=[]);var e=gform.hooks[o][n];null==i&&(i=n+\"_\"+e.length),gform.hooks[o][n].push({tag:i,callable:r,priority:t=null==t?10:t})},doHook:function(n,o,r){var t;if(r=Array.prototype.slice.call(r,1),null!=gform.hooks[n][o]&&((o=gform.hooks[n][o]).sort(function(o,n){return o.priority-n.priority}),o.forEach(function(o){\"function\"!=typeof(t=o.callable)&&(t=window[t]),\"action\"==n?t.apply(null,r):r[0]=t.apply(null,r)})),\"filter\"==n)return r[0]},removeHook:function(o,n,t,i){var r;null!=gform.hooks[o][n]&&(r=(r=gform.hooks[o][n]).filter(function(o,n,r){return!!(null!=i&&i!=o.tag||null!=t&&t!=o.priority)}),gform.hooks[o][n]=r)}});<\/script>\n                <div class='gf_browser_gecko gform_wrapper hidelabel_wrapper defaultForm_wrapper gform_legacy_markup_wrapper' id='gform_wrapper_2' style='display:none'><form method='post' enctype='multipart\/form-data'  id='gform_2' class='hidelabel defaultForm gform_legacy_markup' action='\/de\/wp-json\/wp\/v2\/pages\/353' novalidate>\n                        <div class='gform_body gform-body'><ul id='gform_fields_2' class='gform_fields top_label form_sublabel_below description_below'><li id=\"field_2_1\"  class=\"gfield pickadate-container gfield50 gfieldLeft gfield_contains_required field_sublabel_below field_description_below gfield_visibility_visible\"  data-js-reload=\"field_2_1\"><label class='gfield_label' for='input_2_1' >Ankunft<span class=\"gfield_required\"><span class=\"gfield_required gfield_required_asterisk\">*<\/span><\/span><\/label><div class='ginput_container ginput_container_text'><input name='input_1' id='input_2_1' type='text' value='' class='medium'     aria-required=\"true\" aria-invalid=\"false\"   \/> <\/div><\/li><li id=\"field_2_2\"  class=\"gfield pickadate-container gfield50 gfieldRight gfield_contains_required field_sublabel_below field_description_below gfield_visibility_visible\"  data-js-reload=\"field_2_2\"><label class='gfield_label' for='input_2_2' >Abfahrt<span class=\"gfield_required\"><span class=\"gfield_required gfield_required_asterisk\">*<\/span><\/span><\/label><div class='ginput_container ginput_container_text'><input name='input_2' id='input_2_2' type='text' value='' class='medium'     aria-required=\"true\" aria-invalid=\"false\"   \/> <\/div><\/li><li id=\"field_2_3\"  class=\"gfield gfield33 gfieldLeft field_sublabel_below field_description_below gfield_visibility_visible\"  data-js-reload=\"field_2_3\"><label class='gfield_label' for='input_2_3' >Behandlung<\/label><div class='ginput_container ginput_container_select'><select name='input_3' id='input_2_3' class='medium gfield_select'     aria-invalid=\"false\" ><option value='' >Behandlung<\/option><option value='All Inclusive' >All Inclusive<\/option><option value='Vollpension' >Vollpension<\/option><option value='Mezza Pensione' >Halbpension<\/option><option value='\u00dcbernachtung mit Fr\u00fchst\u00fcck' >\u00dcbernachtung mit Fr\u00fchst\u00fcck<\/option><option value='Nur Zimmer' >Nur Zimmer<\/option><\/select><\/div><\/li><li id=\"field_2_4\"  class=\"gfield gfield33 gfieldCenter field_sublabel_below field_description_below gfield_visibility_visible\"  data-js-reload=\"field_2_4\"><label class='gfield_label' for='input_2_4' >Erwachsenen<\/label><div class='ginput_container ginput_container_select'><select name='input_4' id='input_2_4' class='medium gfield_select'     aria-invalid=\"false\" ><option value='' >Erwachsenen<\/option><option value='1' >1<\/option><option value='2' >2<\/option><option value='3' >3<\/option><option value='4' >4<\/option><option value='5' >5<\/option><option value='6' >6<\/option><option value='7' >7<\/option><option value='8' >8<\/option><option value='9' >9<\/option><option value='10' >10<\/option><\/select><\/div><\/li><li id=\"field_2_5\"  class=\"gfield gfield33 gfieldRight field_sublabel_below field_description_below gfield_visibility_visible\"  data-js-reload=\"field_2_5\"><label class='gfield_label' for='input_2_5' >Bambini<\/label><div class='ginput_container ginput_container_select'><select name='input_5' id='input_2_5' class='medium gfield_select'     aria-invalid=\"false\" ><option value='' >Kinder<\/option><option value='1' >1<\/option><option value='2' >2<\/option><option value='3' >3<\/option><option value='4' >4<\/option><\/select><\/div><\/li><li id=\"field_2_6\"  class=\"gfield gfield25 gfieldLeft gfield_contains_required field_sublabel_below field_description_below gfield_visibility_visible\"  data-js-reload=\"field_2_6\"><label class='gfield_label' for='input_2_6' >Et\u00e0 bambini<span class=\"gfield_required\"><span class=\"gfield_required gfield_required_asterisk\">*<\/span><\/span><\/label><div class='ginput_container ginput_container_select'><select name='input_6' id='input_2_6' class='medium gfield_select'    aria-required=\"true\" aria-invalid=\"false\" ><option value='' >Alter<\/option><option value='0' >0<\/option><option value='1' >1<\/option><option value='2' >2<\/option><option value='3' >3<\/option><option value='4' >4<\/option><option value='5' >5<\/option><option value='6' >6<\/option><option value='7' >7<\/option><option value='8' >8<\/option><option value='9' >9<\/option><option value='10' >10<\/option><option value='11' >11<\/option><option value='12' >12<\/option><option value='13' >13<\/option><option value='14' >14<\/option><option value='15' >15<\/option><option value='16' >16<\/option><option value='17' >17<\/option><\/select><\/div><\/li><li id=\"field_2_7\"  class=\"gfield gfield25 gfieldCenter gfield_contains_required field_sublabel_below field_description_below gfield_visibility_visible\"  data-js-reload=\"field_2_7\"><label class='gfield_label' for='input_2_7' >Et\u00e0 bambini<span class=\"gfield_required\"><span class=\"gfield_required gfield_required_asterisk\">*<\/span><\/span><\/label><div class='ginput_container ginput_container_select'><select name='input_7' id='input_2_7' class='medium gfield_select'    aria-required=\"true\" aria-invalid=\"false\" ><option value='' >Alter<\/option><option value='0' >0<\/option><option value='1' >1<\/option><option value='2' >2<\/option><option value='3' >3<\/option><option value='4' >4<\/option><option value='5' >5<\/option><option value='6' >6<\/option><option value='7' >7<\/option><option value='8' >8<\/option><option value='9' >9<\/option><option value='10' >10<\/option><option value='11' >11<\/option><option value='12' >12<\/option><option value='13' >13<\/option><option value='14' >14<\/option><option value='15' >15<\/option><option value='16' >16<\/option><option value='17' >17<\/option><\/select><\/div><\/li><li id=\"field_2_8\"  class=\"gfield gfield25 gfieldCenter gfield_contains_required field_sublabel_below field_description_below gfield_visibility_visible\"  data-js-reload=\"field_2_8\"><label class='gfield_label' for='input_2_8' >Et\u00e0 bambini<span class=\"gfield_required\"><span class=\"gfield_required gfield_required_asterisk\">*<\/span><\/span><\/label><div class='ginput_container ginput_container_select'><select name='input_8' id='input_2_8' class='medium gfield_select'    aria-required=\"true\" aria-invalid=\"false\" ><option value='' >Alter<\/option><option value='0' >0<\/option><option value='1' >1<\/option><option value='2' >2<\/option><option value='3' >3<\/option><option value='4' >4<\/option><option value='5' >5<\/option><option value='6' >6<\/option><option value='7' >7<\/option><option value='8' >8<\/option><option value='9' >9<\/option><option value='10' >10<\/option><option value='11' >11<\/option><option value='12' >12<\/option><option value='13' >13<\/option><option value='14' >14<\/option><option value='15' >15<\/option><option value='16' >16<\/option><option value='17' >17<\/option><\/select><\/div><\/li><li id=\"field_2_9\"  class=\"gfield gfield25 gfieldRight gfield_contains_required field_sublabel_below field_description_below gfield_visibility_visible\"  data-js-reload=\"field_2_9\"><label class='gfield_label' for='input_2_9' >Et\u00e0 bambini<span class=\"gfield_required\"><span class=\"gfield_required gfield_required_asterisk\">*<\/span><\/span><\/label><div class='ginput_container ginput_container_select'><select name='input_9' id='input_2_9' class='medium gfield_select'    aria-required=\"true\" aria-invalid=\"false\" ><option value='' >Alter<\/option><option value='0' >0<\/option><option value='1' >1<\/option><option value='2' >2<\/option><option value='3' >3<\/option><option value='4' >4<\/option><option value='5' >5<\/option><option value='6' >6<\/option><option value='7' >7<\/option><option value='8' >8<\/option><option value='9' >9<\/option><option value='10' >10<\/option><option value='11' >11<\/option><option value='12' >12<\/option><option value='13' >13<\/option><option value='14' >14<\/option><option value='15' >15<\/option><option value='16' >16<\/option><option value='17' >17<\/option><\/select><\/div><\/li><li id=\"field_2_13\"  class=\"gfield gfield50 gfieldLeft gfieldClear gfield_contains_required field_sublabel_below field_description_below gfield_visibility_visible\"  data-js-reload=\"field_2_13\"><label class='gfield_label' for='input_2_13' >Vorname<span class=\"gfield_required\"><span class=\"gfield_required gfield_required_asterisk\">*<\/span><\/span><\/label><div class='ginput_container ginput_container_text'><input name='input_13' id='input_2_13' type='text' value='' class='medium'     aria-required=\"true\" aria-invalid=\"false\"   \/> <\/div><\/li><li id=\"field_2_17\"  class=\"gfield gfield50 gfieldRight field_sublabel_below field_description_below gfield_visibility_visible\"  data-js-reload=\"field_2_17\"><label class='gfield_label' for='input_2_17' >Nachname<\/label><div class='ginput_container ginput_container_text'><input name='input_17' id='input_2_17' type='text' value='' class='medium'      aria-invalid=\"false\"   \/> <\/div><\/li><li id=\"field_2_12\"  class=\"gfield gfield50 gfieldLeft gfieldClear gfield_contains_required field_sublabel_below field_description_below gfield_visibility_visible\"  data-js-reload=\"field_2_12\"><label class='gfield_label' for='input_2_12' >Email<span class=\"gfield_required\"><span class=\"gfield_required gfield_required_asterisk\">*<\/span><\/span><\/label><div class='ginput_container ginput_container_email'>\n                            <input name='input_12' id='input_2_12' type='email' value='' class='medium'    aria-required=\"true\" aria-invalid=\"false\"  \/>\n                        <\/div><\/li><li id=\"field_2_18\"  class=\"gfield gfield50 gfieldRight field_sublabel_below field_description_below gfield_visibility_visible\"  data-js-reload=\"field_2_18\"><label class='gfield_label' for='input_2_18' >Telefon<\/label><div class='ginput_container ginput_container_text'><input name='input_18' id='input_2_18' type='text' value='' class='medium'      aria-invalid=\"false\"   \/> <\/div><\/li><li id=\"field_2_10\"  class=\"gfield gfieldClear field_sublabel_below field_description_below gfield_visibility_visible\"  data-js-reload=\"field_2_10\"><label class='gfield_label' for='input_2_10' >Nachricht<\/label><div class='ginput_container ginput_container_textarea'><textarea name='input_10' id='input_2_10' class='textarea medium'      aria-invalid=\"false\"   rows='10' cols='50'><\/textarea><\/div><\/li><li id=\"field_2_11\"  class=\"gfield privacy field_sublabel_below field_description_below gfield_visibility_visible\"  data-js-reload=\"field_2_11\"><label class='gfield_label gfield_label_before_complex'  >Newsletter<\/label><div class='ginput_container ginput_container_checkbox'><ul class='gfield_checkbox' id='input_2_11'><li class='gchoice gchoice_2_11_1'>\n\t\t\t\t\t\t\t\t<input class='gfield-choice-input' name='input_11.1' type='checkbox'  value='Iscrizione Newsletter'  id='choice_2_11_1'   aria-describedby=\"gfield_description_2_11\"\/>\n\t\t\t\t\t\t\t\t<label for='choice_2_11_1' id='label_2_11_1'>Bitte informieren Sie mich \u00fcber exklusive Angebote!<\/label>\n\t\t\t\t\t\t\t<\/li><\/ul><\/div><div class='gfield_description' id='gfield_description_2_11'>Ich erteile meine Einwilligung in den Erhalt von Informationsmaterialien per Newsletter. Datenschutzerkl\u00e4rung\n<\/div><\/li><li id=\"field_2_21\"  class=\"gfield privacy gfield_contains_required field_sublabel_below field_description_below gfield_visibility_visible\"  data-js-reload=\"field_2_21\"><label class='gfield_label gfield_label_before_complex'  >Privacy Policy<span class=\"gfield_required\"><span class=\"gfield_required gfield_required_asterisk\">*<\/span><\/span><\/label><div class='ginput_container ginput_container_checkbox'><ul class='gfield_checkbox' id='input_2_21'><li class='gchoice gchoice_2_21_1'>\n\t\t\t\t\t\t\t\t<input class='gfield-choice-input' name='input_21.1' type='checkbox'  value='Privacy policy *'  id='choice_2_21_1'   aria-describedby=\"gfield_description_2_21\"\/>\n\t\t\t\t\t\t\t\t<label for='choice_2_21_1' id='label_2_21_1'>Privacy policy *<\/label>\n\t\t\t\t\t\t\t<\/li><\/ul><\/div><div class='gfield_description' id='gfield_description_2_21'><a href=\"http:\/\/www.hotelmilanocesenatico.com\/de\/privacy\/\" target=\"_blank\">Ich erkl\u00e4re meine Einwilligung in die Servicebedingungen und Datenschutzmodalit\u00e4ten<\/a><\/div><\/li><li id=\"field_2_14\"  class=\"gfield gfield_html gfield_html_formatted field_sublabel_below field_description_below gfield_visibility_visible\"  data-js-reload=\"field_2_14\"><input type=\"hidden\" name=\"track-form-event\" class=\"track-form-event\" value=\"richiesta preventivo\"><\/li><li id=\"field_2_15\"  class=\"gfield gform_hidden field_sublabel_below field_description_below gfield_visibility_visible\"  data-js-reload=\"field_2_15\"><div class='ginput_container ginput_container_text'><input name='input_15' id='input_2_15' type='hidden' class='gform_hidden'  aria-invalid=\"false\" value='de' \/><\/div><\/li><li id=\"field_2_16\"  class=\"gfield gform_hidden field_sublabel_below field_description_below gfield_visibility_visible\"  data-js-reload=\"field_2_16\"><label class='gfield_label' for='input_2_16' >Tracking Form<\/label><input type='hidden' name='input_16' id='trackingform-16' class='input_trackingform' value='Tjs='\/><\/li><li id=\"field_2_19\"  class=\"gfield gform_hidden field_sublabel_below field_description_below gfield_visibility_visible\"  data-js-reload=\"field_2_19\"><label class='gfield_label' for='input_2_19' >Tracking Form Referrer<\/label><input type='hidden' name='input_19' id='trackingformreferrer-19' class='input_trackingform_referrer' value=''\/><\/li><li id=\"field_2_20\"  class=\"gfield field_sublabel_below field_description_below gfield_visibility_visible\"  data-js-reload=\"field_2_20\"><label class='gfield_label screen-reader-text' for='input_2_20' ><\/label><div id='input_2_20' class='ginput_container ginput_recaptcha' data-sitekey='6Lf-gNwUAAAAAE8f76EP6QGL1oatEdRuxfPSEPX-'  data-theme='light' data-tabindex='-1' data-size='invisible' data-badge='bottomright'><\/div><\/li><\/ul><\/div>\n        <div class='gform_footer top_label'> <input type='submit' id='gform_submit_button_2' class='gform_button button' value='Senden'  onclick='if(window[\"gf_submitting_2\"]){return false;}  if( !jQuery(\"#gform_2\")[0].checkValidity || jQuery(\"#gform_2\")[0].checkValidity()){window[\"gf_submitting_2\"]=true;}  ' onkeypress='if( event.keyCode == 13 ){ if(window[\"gf_submitting_2\"]){return false;} if( !jQuery(\"#gform_2\")[0].checkValidity || jQuery(\"#gform_2\")[0].checkValidity()){window[\"gf_submitting_2\"]=true;}  jQuery(\"#gform_2\").trigger(\"submit\",[true]); }' \/> \n            <input type='hidden' class='gform_hidden' name='is_submit_2' value='1' \/>\n            <input type='hidden' class='gform_hidden' name='gform_submit' value='2' \/>\n            \n            <input type='hidden' class='gform_hidden' name='gform_unique_id' value='' \/>\n            <input type='hidden' class='gform_hidden' name='state_2' value='WyJbXSIsImI4MGVjZTZmNGJhYzExYTliMTgzY2IzZTlhZDk1NzMzIl0=' \/>\n            <input type='hidden' class='gform_hidden' name='gform_target_page_number_2' id='gform_target_page_number_2' value='0' \/>\n            <input type='hidden' class='gform_hidden' name='gform_source_page_number_2' id='gform_source_page_number_2' value='1' \/>\n            <input type='hidden' name='gform_field_values' value='lingua=de' \/>\n            \n        <\/div>\n                        <\/form>\n                        <\/div>\n","protected":false},"excerpt":{"rendered":"<p>Ihr Urlaub nur 80 Meter vom Meer entfernt Am Hotel Milano kommen Sie bitte mit vielen Dienstleistungenen Whirl pool mit Solarium Parken Kinderspielecke Service &#8222;all inclusive&#8220; auf Anfrage: 1 Sonnenschirm, 2 Liegen und Getr\u00e4nke (in Karaffe) Ruhebereich im Garten Ruheraum im Hotel Klimaanlage Wi-Fi und Internet point Bar Fahrradservice Haustiere erlaubt Concierge 24\/24 Kreditkarten werden [&hellip;]<\/p>\n","protected":false},"author":4,"featured_media":0,"parent":0,"menu_order":0,"comment_status":"closed","ping_status":"closed","template":"","meta":{"_acf_changed":false},"class_list":["post-353","page","type-page","status-publish","hentry"],"acf":[],"aioseo_notices":[],"_links":{"self":[{"href":"https:\/\/www.hotelmilanocesenatico.com\/de\/wp-json\/wp\/v2\/pages\/353","targetHints":{"allow":["GET"]}}],"collection":[{"href":"https:\/\/www.hotelmilanocesenatico.com\/de\/wp-json\/wp\/v2\/pages"}],"about":[{"href":"https:\/\/www.hotelmilanocesenatico.com\/de\/wp-json\/wp\/v2\/types\/page"}],"author":[{"embeddable":true,"href":"https:\/\/www.hotelmilanocesenatico.com\/de\/wp-json\/wp\/v2\/users\/4"}],"replies":[{"embeddable":true,"href":"https:\/\/www.hotelmilanocesenatico.com\/de\/wp-json\/wp\/v2\/comments?post=353"}],"version-history":[{"count":1,"href":"https:\/\/www.hotelmilanocesenatico.com\/de\/wp-json\/wp\/v2\/pages\/353\/revisions"}],"predecessor-version":[{"id":355,"href":"https:\/\/www.hotelmilanocesenatico.com\/de\/wp-json\/wp\/v2\/pages\/353\/revisions\/355"}],"wp:attachment":[{"href":"https:\/\/www.hotelmilanocesenatico.com\/de\/wp-json\/wp\/v2\/media?parent=353"}],"curies":[{"name":"wp","href":"https:\/\/api.w.org\/{rel}","templated":true}]}}