{"id":154,"date":"2013-07-09T12:41:08","date_gmt":"2013-07-09T12:41:08","guid":{"rendered":"https:\/\/www.hotelmilanocesenatico.com\/home-2\/"},"modified":"2016-04-20T10:41:17","modified_gmt":"2016-04-20T08:41:17","slug":"home","status":"publish","type":"page","link":"https:\/\/www.hotelmilanocesenatico.com\/fr\/","title":{"rendered":"H\u00f4tel Famille 3 \u00e9toiles \u00e0 Cesenatico  <\/br>Bienvenue \u00e0 l&rsquo;H\u00f4tel Milano"},"content":{"rendered":"<h2>Directement sur les deux principales avenues de Cesenatico, Viale Carducci et Viale dei Mille, avec des services pour les familles<\/h2>\n<p>Si vous cherchez un endroit pour se d\u00e9tendre, profiter de la mer, la nourriture excellente et la calme, nous vous attendons. Dans notre h\u00f4tel, sur le front de la mer de Cesenatico, vous trouverez des nombreux services pour enfants, piscine avec jacuzzi, une cuisine excellente et des formules all inclusive. Vos vacances en Riviera Adriatique sera inoubliable et vous ne voudrez pas \u00e0 faire est de revenir et de nous visiter<\/p>\n<p>D\u00e9couvrez les <strong>offres sp\u00e9ciales<\/strong> et demander un devis gratuit!<\/p>\n","protected":false},"excerpt":{"rendered":"<p>Directement sur les deux principales avenues de Cesenatico, Viale Carducci et Viale dei Mille, avec des services pour les familles Si vous cherchez un endroit pour se d\u00e9tendre, profiter de la mer, la nourriture excellente et la calme, nous vous attendons. Dans notre h\u00f4tel, sur le front de la mer de Cesenatico, vous trouverez des [&hellip;]<\/p>\n","protected":false},"author":4,"featured_media":0,"parent":0,"menu_order":3,"comment_status":"closed","ping_status":"closed","template":"","meta":{"_acf_changed":false},"class_list":["post-154","page","type-page","status-publish","hentry"],"acf":[],"aioseo_notices":[],"_links":{"self":[{"href":"https:\/\/www.hotelmilanocesenatico.com\/fr\/wp-json\/wp\/v2\/pages\/154","targetHints":{"allow":["GET"]}}],"collection":[{"href":"https:\/\/www.hotelmilanocesenatico.com\/fr\/wp-json\/wp\/v2\/pages"}],"about":[{"href":"https:\/\/www.hotelmilanocesenatico.com\/fr\/wp-json\/wp\/v2\/types\/page"}],"author":[{"embeddable":true,"href":"https:\/\/www.hotelmilanocesenatico.com\/fr\/wp-json\/wp\/v2\/users\/4"}],"replies":[{"embeddable":true,"href":"https:\/\/www.hotelmilanocesenatico.com\/fr\/wp-json\/wp\/v2\/comments?post=154"}],"version-history":[{"count":0,"href":"https:\/\/www.hotelmilanocesenatico.com\/fr\/wp-json\/wp\/v2\/pages\/154\/revisions"}],"wp:attachment":[{"href":"https:\/\/www.hotelmilanocesenatico.com\/fr\/wp-json\/wp\/v2\/media?parent=154"}],"curies":[{"name":"wp","href":"https:\/\/api.w.org\/{rel}","templated":true}]}}