{"id":305,"date":"2015-01-13T12:39:05","date_gmt":"2015-01-13T11:39:05","guid":{"rendered":"https:\/\/www.hotelmilanocesenatico.com\/fr\/vacanze-bimbi-romagna\/"},"modified":"2016-06-03T10:35:59","modified_gmt":"2016-06-03T08:35:59","slug":"vacances-enfants-romagne","status":"publish","type":"page","link":"https:\/\/www.hotelmilanocesenatico.com\/fr\/vacances-enfants-romagne\/","title":{"rendered":"Vacances avec les enfants en Romagne: les chambres family"},"content":{"rendered":"<p>Le moment de sommeil est toujours la plus d\u00e9licate pour les enfants.<br \/>\nNous avons pens\u00e9 \u00e0 des<strong> chambres \u00e0 th\u00e8me<\/strong> pour eux. Notre Esplorotti, personnages color\u00e9s de conte de f\u00e9es, accueillent les petits clients avec le meilleur confort et beaucoup de plaisir!<\/p>\n<p>Et pour la s\u00e9curit\u00e9? Ne craignez pas, sur demande, dans la chambre, vous trouverez:<\/p>\n<ul>\n<li>Berceaux<\/li>\n<li>petits lits<\/li>\n<li>barri\u00e8res de s\u00e9curit\u00e9<\/li>\n<li>chauffe biberon<\/li>\n<\/ul>\n<p>&nbsp;<\/p>\n<p>Quels aspects profiter du meilleur des<strong> vacances \u00e0 la plage avec toute la famille!<\/strong><\/p>\n<p>&nbsp;<\/p>\n","protected":false},"excerpt":{"rendered":"<p>Le moment de sommeil est toujours la plus d\u00e9licate pour les enfants. Nous avons pens\u00e9 \u00e0 des chambres \u00e0 th\u00e8me pour eux. Notre Esplorotti, personnages color\u00e9s de conte de f\u00e9es, accueillent les petits clients avec le meilleur confort et beaucoup de plaisir! Et pour la s\u00e9curit\u00e9? Ne craignez pas, sur demande, dans la chambre, vous [&hellip;]<\/p>\n","protected":false},"author":4,"featured_media":0,"parent":0,"menu_order":0,"comment_status":"closed","ping_status":"closed","template":"","meta":{"_acf_changed":false},"class_list":["post-305","page","type-page","status-publish","hentry"],"acf":[],"aioseo_notices":[],"_links":{"self":[{"href":"https:\/\/www.hotelmilanocesenatico.com\/fr\/wp-json\/wp\/v2\/pages\/305","targetHints":{"allow":["GET"]}}],"collection":[{"href":"https:\/\/www.hotelmilanocesenatico.com\/fr\/wp-json\/wp\/v2\/pages"}],"about":[{"href":"https:\/\/www.hotelmilanocesenatico.com\/fr\/wp-json\/wp\/v2\/types\/page"}],"author":[{"embeddable":true,"href":"https:\/\/www.hotelmilanocesenatico.com\/fr\/wp-json\/wp\/v2\/users\/4"}],"replies":[{"embeddable":true,"href":"https:\/\/www.hotelmilanocesenatico.com\/fr\/wp-json\/wp\/v2\/comments?post=305"}],"version-history":[{"count":1,"href":"https:\/\/www.hotelmilanocesenatico.com\/fr\/wp-json\/wp\/v2\/pages\/305\/revisions"}],"predecessor-version":[{"id":307,"href":"https:\/\/www.hotelmilanocesenatico.com\/fr\/wp-json\/wp\/v2\/pages\/305\/revisions\/307"}],"wp:attachment":[{"href":"https:\/\/www.hotelmilanocesenatico.com\/fr\/wp-json\/wp\/v2\/media?parent=305"}],"curies":[{"name":"wp","href":"https:\/\/api.w.org\/{rel}","templated":true}]}}