{"id":331,"date":"2014-04-30T11:31:01","date_gmt":"2014-04-30T09:31:01","guid":{"rendered":"https:\/\/www.hotelmilanocesenatico.com\/fr\/richiesta-informazioni\/"},"modified":"2016-06-06T17:38:20","modified_gmt":"2016-06-06T15:38:20","slug":"information-de-demande","status":"publish","type":"page","link":"https:\/\/www.hotelmilanocesenatico.com\/fr\/information-de-demande\/","title":{"rendered":"Information de demande"},"content":{"rendered":"<p>Remplissez le formulaire ci-dessous pour demander des informations \u00e0 notre fantastique personnel, nous vous r\u00e9pondrons d\u00e8s que possible.<\/p>\n<div id=\"link64_adl_tabid\" style=\"display: none;\" data-url=\"https:\/\/www.hotelmilanocesenatico.com\/wp-admin\/post.php?post=331&amp;action=edit&amp;lang=fr&amp;admin_bar=1\">70<\/div>\n","protected":false},"excerpt":{"rendered":"<p>Remplissez le formulaire ci-dessous pour demander des informations \u00e0 notre fantastique personnel, nous vous r\u00e9pondrons d\u00e8s que possible. 70<\/p>\n","protected":false},"author":4,"featured_media":0,"parent":0,"menu_order":0,"comment_status":"closed","ping_status":"closed","template":"template.richiesta-informazioni.php","meta":{"_acf_changed":false},"class_list":["post-331","page","type-page","status-publish","hentry"],"acf":[],"aioseo_notices":[],"_links":{"self":[{"href":"https:\/\/www.hotelmilanocesenatico.com\/fr\/wp-json\/wp\/v2\/pages\/331","targetHints":{"allow":["GET"]}}],"collection":[{"href":"https:\/\/www.hotelmilanocesenatico.com\/fr\/wp-json\/wp\/v2\/pages"}],"about":[{"href":"https:\/\/www.hotelmilanocesenatico.com\/fr\/wp-json\/wp\/v2\/types\/page"}],"author":[{"embeddable":true,"href":"https:\/\/www.hotelmilanocesenatico.com\/fr\/wp-json\/wp\/v2\/users\/4"}],"replies":[{"embeddable":true,"href":"https:\/\/www.hotelmilanocesenatico.com\/fr\/wp-json\/wp\/v2\/comments?post=331"}],"version-history":[{"count":1,"href":"https:\/\/www.hotelmilanocesenatico.com\/fr\/wp-json\/wp\/v2\/pages\/331\/revisions"}],"predecessor-version":[{"id":333,"href":"https:\/\/www.hotelmilanocesenatico.com\/fr\/wp-json\/wp\/v2\/pages\/331\/revisions\/333"}],"wp:attachment":[{"href":"https:\/\/www.hotelmilanocesenatico.com\/fr\/wp-json\/wp\/v2\/media?parent=331"}],"curies":[{"name":"wp","href":"https:\/\/api.w.org\/{rel}","templated":true}]}}