{"id":352,"date":"2015-01-13T09:49:24","date_gmt":"2015-01-13T08:49:24","guid":{"rendered":"https:\/\/www.hotelmilanocesenatico.com\/fr\/albergo-cesenatico-servizi\/"},"modified":"2016-04-22T09:51:14","modified_gmt":"2016-04-22T07:51:14","slug":"piscine-jacuzzi-parking","status":"publish","type":"page","link":"https:\/\/www.hotelmilanocesenatico.com\/fr\/piscine-jacuzzi-parking\/","title":{"rendered":"H\u00f4tel avec piscine, jacuzzi et parking \u00e0 Cesenatico"},"content":{"rendered":"<h2>Vos vacances \u00e0 seulement 80 m\u00e8tres de la mer.<\/h2>\n<p>\u00c0 l&rsquo;H\u00f4tel Milano s&rsquo;il vous pla\u00eet venir avec de nombreux services<\/p>\n<ul>\n<li>Piscine avec bain \u00e0 remous et solarium<\/li>\n<li>Parking<\/li>\n<li>Coin des jeux pour enfants<\/li>\n<li>Service \u00ab\u00a0all inclusive\u00a0\u00bb sur demande: 1 parasol et 2 chaises longues et des boissons (en carafe)<\/li>\n<li>Espace d\u00e9tente dans le jardin<\/li>\n<li>Espace d\u00e9tente \u00e0 l&rsquo;h\u00f4tel<\/li>\n<li>Climatisation<\/li>\n<li>Wi-Fi gratuit et Internet point<\/li>\n<li>Bar<\/li>\n<li>Service de v\u00e9los<\/li>\n<li>Animaux accept\u00e9s<\/li>\n<li>Concierge 24\/24<\/li>\n<li>Cartes de cr\u00e9dit accept\u00e9es (M\u00eame American Express)<\/li>\n<li>Service journaux<\/li>\n<\/ul>\n<p>&nbsp;<\/p>\n\n\t\t<style type=\"text\/css\">\n\t\t\t#gallery-1 {\n\t\t\t\tmargin: auto;\n\t\t\t}\n\t\t\t#gallery-1 .gallery-item {\n\t\t\t\tfloat: left;\n\t\t\t\tmargin-top: 10px;\n\t\t\t\ttext-align: center;\n\t\t\t\twidth: 33%;\n\t\t\t}\n\t\t\t#gallery-1 img {\n\t\t\t\tborder: 2px solid #cfcfcf;\n\t\t\t}\n\t\t\t#gallery-1 .gallery-caption {\n\t\t\t\tmargin-left: 0;\n\t\t\t}\n\t\t\t\/* see gallery_shortcode() in wp-includes\/media.php *\/\n\t\t<\/style>\n\t\t<div id='gallery-1' class='gallery galleryid-352 gallery-columns-3 gallery-size-medium'><dl class='gallery-item'>\n\t\t\t<dt class='gallery-icon landscape'>\n\t\t\t\t<a href='https:\/\/www.hotelmilanocesenatico.com\/wp-content\/uploads\/2015\/01\/esterno.jpg' data-rel=\"shadowbox['gallery']\"><img fetchpriority=\"high\" decoding=\"async\" width=\"415\" height=\"415\" src=\"https:\/\/www.hotelmilanocesenatico.com\/wp-content\/uploads\/2015\/01\/esterno-415x415.jpg\" class=\"attachment-medium size-medium\" alt=\"\" aria-describedby=\"gallery-1-668\" srcset=\"https:\/\/www.hotelmilanocesenatico.com\/wp-content\/uploads\/2015\/01\/esterno-415x415.jpg 415w, https:\/\/www.hotelmilanocesenatico.com\/wp-content\/uploads\/2015\/01\/esterno-250x250.jpg 250w\" sizes=\"(max-width: 415px) 100vw, 415px\" \/><\/a>\n\t\t\t<\/dt>\n\t\t\t\t<dd class='wp-caption-text gallery-caption' id='gallery-1-668'>\n\t\t\t\tIngresso viale dei Mille\n\t\t\t\t<\/dd><\/dl><dl class='gallery-item'>\n\t\t\t<dt class='gallery-icon landscape'>\n\t\t\t\t<a href='https:\/\/www.hotelmilanocesenatico.com\/wp-content\/uploads\/2015\/01\/piscina.jpg' data-rel=\"shadowbox['gallery']\"><img decoding=\"async\" width=\"415\" height=\"415\" data-src=\"https:\/\/www.hotelmilanocesenatico.com\/wp-content\/uploads\/2015\/01\/piscina-415x415.jpg\" class=\"attachment-medium size-medium lazyload\" alt=\"\" aria-describedby=\"gallery-1-671\" data-srcset=\"https:\/\/www.hotelmilanocesenatico.com\/wp-content\/uploads\/2015\/01\/piscina-415x415.jpg 415w, https:\/\/www.hotelmilanocesenatico.com\/wp-content\/uploads\/2015\/01\/piscina-250x250.jpg 250w\" data-sizes=\"(max-width: 415px) 100vw, 415px\" src=\"data:image\/svg+xml;base64,PHN2ZyB3aWR0aD0iMSIgaGVpZ2h0PSIxIiB4bWxucz0iaHR0cDovL3d3dy53My5vcmcvMjAwMC9zdmciPjwvc3ZnPg==\" style=\"--smush-placeholder-width: 415px; --smush-placeholder-aspect-ratio: 415\/415;\" \/><\/a>\n\t\t\t<\/dt>\n\t\t\t\t<dd class='wp-caption-text gallery-caption' id='gallery-1-671'>\n\t\t\t\tPiscina idromassaggio\n\t\t\t\t<\/dd><\/dl><dl class='gallery-item'>\n\t\t\t<dt class='gallery-icon landscape'>\n\t\t\t\t<a href='https:\/\/www.hotelmilanocesenatico.com\/wp-content\/uploads\/2015\/01\/camera1.jpg' data-rel=\"shadowbox['gallery']\"><img decoding=\"async\" width=\"415\" height=\"415\" data-src=\"https:\/\/www.hotelmilanocesenatico.com\/wp-content\/uploads\/2015\/01\/camera1-415x415.jpg\" class=\"attachment-medium size-medium lazyload\" alt=\"\" data-srcset=\"https:\/\/www.hotelmilanocesenatico.com\/wp-content\/uploads\/2015\/01\/camera1-415x415.jpg 415w, https:\/\/www.hotelmilanocesenatico.com\/wp-content\/uploads\/2015\/01\/camera1-250x250.jpg 250w\" data-sizes=\"(max-width: 415px) 100vw, 415px\" src=\"data:image\/svg+xml;base64,PHN2ZyB3aWR0aD0iMSIgaGVpZ2h0PSIxIiB4bWxucz0iaHR0cDovL3d3dy53My5vcmcvMjAwMC9zdmciPjwvc3ZnPg==\" style=\"--smush-placeholder-width: 415px; --smush-placeholder-aspect-ratio: 415\/415;\" \/><\/a>\n\t\t\t<\/dt><\/dl><br style=\"clear: both\" \/><dl class='gallery-item'>\n\t\t\t<dt class='gallery-icon portrait'>\n\t\t\t\t<a href='https:\/\/www.hotelmilanocesenatico.com\/wp-content\/uploads\/2015\/01\/camera.jpg' data-rel=\"shadowbox['gallery']\"><img decoding=\"async\" width=\"415\" height=\"415\" data-src=\"https:\/\/www.hotelmilanocesenatico.com\/wp-content\/uploads\/2015\/01\/camera-415x415.jpg\" class=\"attachment-medium size-medium lazyload\" alt=\"\" data-srcset=\"https:\/\/www.hotelmilanocesenatico.com\/wp-content\/uploads\/2015\/01\/camera-415x415.jpg 415w, https:\/\/www.hotelmilanocesenatico.com\/wp-content\/uploads\/2015\/01\/camera-250x250.jpg 250w\" data-sizes=\"(max-width: 415px) 100vw, 415px\" src=\"data:image\/svg+xml;base64,PHN2ZyB3aWR0aD0iMSIgaGVpZ2h0PSIxIiB4bWxucz0iaHR0cDovL3d3dy53My5vcmcvMjAwMC9zdmciPjwvc3ZnPg==\" style=\"--smush-placeholder-width: 415px; --smush-placeholder-aspect-ratio: 415\/415;\" \/><\/a>\n\t\t\t<\/dt><\/dl><dl class='gallery-item'>\n\t\t\t<dt class='gallery-icon landscape'>\n\t\t\t\t<a href='https:\/\/www.hotelmilanocesenatico.com\/wp-content\/uploads\/2015\/01\/bar2.jpg' data-rel=\"shadowbox['gallery']\"><img decoding=\"async\" width=\"415\" height=\"415\" data-src=\"https:\/\/www.hotelmilanocesenatico.com\/wp-content\/uploads\/2015\/01\/bar2-415x415.jpg\" class=\"attachment-medium size-medium lazyload\" alt=\"\" aria-describedby=\"gallery-1-650\" data-srcset=\"https:\/\/www.hotelmilanocesenatico.com\/wp-content\/uploads\/2015\/01\/bar2-415x415.jpg 415w, https:\/\/www.hotelmilanocesenatico.com\/wp-content\/uploads\/2015\/01\/bar2-250x250.jpg 250w\" data-sizes=\"(max-width: 415px) 100vw, 415px\" src=\"data:image\/svg+xml;base64,PHN2ZyB3aWR0aD0iMSIgaGVpZ2h0PSIxIiB4bWxucz0iaHR0cDovL3d3dy53My5vcmcvMjAwMC9zdmciPjwvc3ZnPg==\" style=\"--smush-placeholder-width: 415px; --smush-placeholder-aspect-ratio: 415\/415;\" \/><\/a>\n\t\t\t<\/dt>\n\t\t\t\t<dd class='wp-caption-text gallery-caption' id='gallery-1-650'>\n\t\t\t\tAngolo Reception\n\t\t\t\t<\/dd><\/dl><dl class='gallery-item'>\n\t\t\t<dt class='gallery-icon landscape'>\n\t\t\t\t<a href='https:\/\/www.hotelmilanocesenatico.com\/wp-content\/uploads\/2015\/01\/bar.jpg' data-rel=\"shadowbox['gallery']\"><img decoding=\"async\" width=\"415\" height=\"415\" data-src=\"https:\/\/www.hotelmilanocesenatico.com\/wp-content\/uploads\/2015\/01\/bar-415x415.jpg\" class=\"attachment-medium size-medium lazyload\" alt=\"\" data-srcset=\"https:\/\/www.hotelmilanocesenatico.com\/wp-content\/uploads\/2015\/01\/bar-415x415.jpg 415w, https:\/\/www.hotelmilanocesenatico.com\/wp-content\/uploads\/2015\/01\/bar-250x250.jpg 250w\" data-sizes=\"(max-width: 415px) 100vw, 415px\" src=\"data:image\/svg+xml;base64,PHN2ZyB3aWR0aD0iMSIgaGVpZ2h0PSIxIiB4bWxucz0iaHR0cDovL3d3dy53My5vcmcvMjAwMC9zdmciPjwvc3ZnPg==\" style=\"--smush-placeholder-width: 415px; --smush-placeholder-aspect-ratio: 415\/415;\" \/><\/a>\n\t\t\t<\/dt><\/dl><br style=\"clear: both\" \/>\n\t\t<\/div>\n\n<p>&nbsp;<\/p>\n<h2><strong> Obtenez votre devis personnalis\u00e9 ou appelez \u00e0 0547.80128<br \/>\n<\/strong><\/h2>\n<script type=\"text\/javascript\">var gform;gform||(document.addEventListener(\"gform_main_scripts_loaded\",function(){gform.scriptsLoaded=!0}),window.addEventListener(\"DOMContentLoaded\",function(){gform.domLoaded=!0}),gform={domLoaded:!1,scriptsLoaded:!1,initializeOnLoaded:function(o){gform.domLoaded&&gform.scriptsLoaded?o():!gform.domLoaded&&gform.scriptsLoaded?window.addEventListener(\"DOMContentLoaded\",o):document.addEventListener(\"gform_main_scripts_loaded\",o)},hooks:{action:{},filter:{}},addAction:function(o,n,r,t){gform.addHook(\"action\",o,n,r,t)},addFilter:function(o,n,r,t){gform.addHook(\"filter\",o,n,r,t)},doAction:function(o){gform.doHook(\"action\",o,arguments)},applyFilters:function(o){return gform.doHook(\"filter\",o,arguments)},removeAction:function(o,n){gform.removeHook(\"action\",o,n)},removeFilter:function(o,n,r){gform.removeHook(\"filter\",o,n,r)},addHook:function(o,n,r,t,i){null==gform.hooks[o][n]&&(gform.hooks[o][n]=[]);var e=gform.hooks[o][n];null==i&&(i=n+\"_\"+e.length),gform.hooks[o][n].push({tag:i,callable:r,priority:t=null==t?10:t})},doHook:function(n,o,r){var t;if(r=Array.prototype.slice.call(r,1),null!=gform.hooks[n][o]&&((o=gform.hooks[n][o]).sort(function(o,n){return o.priority-n.priority}),o.forEach(function(o){\"function\"!=typeof(t=o.callable)&&(t=window[t]),\"action\"==n?t.apply(null,r):r[0]=t.apply(null,r)})),\"filter\"==n)return r[0]},removeHook:function(o,n,t,i){var r;null!=gform.hooks[o][n]&&(r=(r=gform.hooks[o][n]).filter(function(o,n,r){return!!(null!=i&&i!=o.tag||null!=t&&t!=o.priority)}),gform.hooks[o][n]=r)}});<\/script>\n                <div class='gf_browser_gecko gform_wrapper hidelabel_wrapper defaultForm_wrapper gform_legacy_markup_wrapper' id='gform_wrapper_2' style='display:none'><form method='post' enctype='multipart\/form-data'  id='gform_2' class='hidelabel defaultForm gform_legacy_markup' action='\/fr\/wp-json\/wp\/v2\/pages\/352' novalidate>\n                        <div class='gform_body gform-body'><ul id='gform_fields_2' class='gform_fields top_label form_sublabel_below description_below'><li id=\"field_2_1\"  class=\"gfield pickadate-container gfield50 gfieldLeft gfield_contains_required field_sublabel_below field_description_below gfield_visibility_visible\"  data-js-reload=\"field_2_1\"><label class='gfield_label' for='input_2_1' >Arriv\u00e9e<span class=\"gfield_required\"><span class=\"gfield_required gfield_required_asterisk\">*<\/span><\/span><\/label><div class='ginput_container ginput_container_text'><input name='input_1' id='input_2_1' type='text' value='' class='medium'     aria-required=\"true\" aria-invalid=\"false\"   \/> <\/div><\/li><li id=\"field_2_2\"  class=\"gfield pickadate-container gfield50 gfieldRight gfield_contains_required field_sublabel_below field_description_below gfield_visibility_visible\"  data-js-reload=\"field_2_2\"><label class='gfield_label' for='input_2_2' >D\u00e9part<span class=\"gfield_required\"><span class=\"gfield_required gfield_required_asterisk\">*<\/span><\/span><\/label><div class='ginput_container ginput_container_text'><input name='input_2' id='input_2_2' type='text' value='' class='medium'     aria-required=\"true\" aria-invalid=\"false\"   \/> <\/div><\/li><li id=\"field_2_3\"  class=\"gfield gfield33 gfieldLeft field_sublabel_below field_description_below gfield_visibility_visible\"  data-js-reload=\"field_2_3\"><label class='gfield_label' for='input_2_3' >Traitement<\/label><div class='ginput_container ginput_container_select'><select name='input_3' id='input_2_3' class='medium gfield_select'     aria-invalid=\"false\" ><option value='' >Traitement<\/option><option value='All Inclusive' >All Inclusive<\/option><option value='Pension compl\u00e8te' >Pension compl\u00e8te<\/option><option value='Mezza Pensione' >La moiti\u00e9 du tableau<\/option><option value='Lit et petit d\u00e9jeun\u00e9' >Lit et petit d\u00e9jeun\u00e9<\/option><option value='Chambre seulement' >Chambre seulement<\/option><\/select><\/div><\/li><li id=\"field_2_4\"  class=\"gfield gfield33 gfieldCenter field_sublabel_below field_description_below gfield_visibility_visible\"  data-js-reload=\"field_2_4\"><label class='gfield_label' for='input_2_4' >Adultes<\/label><div class='ginput_container ginput_container_select'><select name='input_4' id='input_2_4' class='medium gfield_select'     aria-invalid=\"false\" ><option value='' >Adultes<\/option><option value='1' >1<\/option><option value='2' >2<\/option><option value='3' >3<\/option><option value='4' >4<\/option><option value='5' >5<\/option><option value='6' >6<\/option><option value='7' >7<\/option><option value='8' >8<\/option><option value='9' >9<\/option><option value='10' >10<\/option><\/select><\/div><\/li><li id=\"field_2_5\"  class=\"gfield gfield33 gfieldRight field_sublabel_below field_description_below gfield_visibility_visible\"  data-js-reload=\"field_2_5\"><label class='gfield_label' for='input_2_5' >Bambini<\/label><div class='ginput_container ginput_container_select'><select name='input_5' id='input_2_5' class='medium gfield_select'     aria-invalid=\"false\" ><option value='' >Enfants<\/option><option value='1' >1<\/option><option value='2' >2<\/option><option value='3' >3<\/option><option value='4' >4<\/option><\/select><\/div><\/li><li id=\"field_2_6\"  class=\"gfield gfield25 gfieldLeft gfield_contains_required field_sublabel_below field_description_below gfield_visibility_visible\"  data-js-reload=\"field_2_6\"><label class='gfield_label' for='input_2_6' >Et\u00e0 bambini<span class=\"gfield_required\"><span class=\"gfield_required gfield_required_asterisk\">*<\/span><\/span><\/label><div class='ginput_container ginput_container_select'><select name='input_6' id='input_2_6' class='medium gfield_select'    aria-required=\"true\" aria-invalid=\"false\" ><option value='' >\u00c2ge<\/option><option value='0' >0<\/option><option value='1' >1<\/option><option value='2' >2<\/option><option value='3' >3<\/option><option value='4' >4<\/option><option value='5' >5<\/option><option value='6' >6<\/option><option value='7' >7<\/option><option value='8' >8<\/option><option value='9' >9<\/option><option value='10' >10<\/option><option value='11' >11<\/option><option value='12' >12<\/option><option value='13' >13<\/option><option value='14' >14<\/option><option value='15' >15<\/option><option value='16' >16<\/option><option value='17' >17<\/option><\/select><\/div><\/li><li id=\"field_2_7\"  class=\"gfield gfield25 gfieldCenter gfield_contains_required field_sublabel_below field_description_below gfield_visibility_visible\"  data-js-reload=\"field_2_7\"><label class='gfield_label' for='input_2_7' >Et\u00e0 bambini<span class=\"gfield_required\"><span class=\"gfield_required gfield_required_asterisk\">*<\/span><\/span><\/label><div class='ginput_container ginput_container_select'><select name='input_7' id='input_2_7' class='medium gfield_select'    aria-required=\"true\" aria-invalid=\"false\" ><option value='' >\u00c2ge<\/option><option value='0' >0<\/option><option value='1' >1<\/option><option value='2' >2<\/option><option value='3' >3<\/option><option value='4' >4<\/option><option value='5' >5<\/option><option value='6' >6<\/option><option value='7' >7<\/option><option value='8' >8<\/option><option value='9' >9<\/option><option value='10' >10<\/option><option value='11' >11<\/option><option value='12' >12<\/option><option value='13' >13<\/option><option value='14' >14<\/option><option value='15' >15<\/option><option value='16' >16<\/option><option value='17' >17<\/option><\/select><\/div><\/li><li id=\"field_2_8\"  class=\"gfield gfield25 gfieldCenter gfield_contains_required field_sublabel_below field_description_below gfield_visibility_visible\"  data-js-reload=\"field_2_8\"><label class='gfield_label' for='input_2_8' >Et\u00e0 bambini<span class=\"gfield_required\"><span class=\"gfield_required gfield_required_asterisk\">*<\/span><\/span><\/label><div class='ginput_container ginput_container_select'><select name='input_8' id='input_2_8' class='medium gfield_select'    aria-required=\"true\" aria-invalid=\"false\" ><option value='' >\u00c2ge<\/option><option value='0' >0<\/option><option value='1' >1<\/option><option value='2' >2<\/option><option value='3' >3<\/option><option value='4' >4<\/option><option value='5' >5<\/option><option value='6' >6<\/option><option value='7' >7<\/option><option value='8' >8<\/option><option value='9' >9<\/option><option value='10' >10<\/option><option value='11' >11<\/option><option value='12' >12<\/option><option value='13' >13<\/option><option value='14' >14<\/option><option value='15' >15<\/option><option value='16' >16<\/option><option value='17' >17<\/option><\/select><\/div><\/li><li id=\"field_2_9\"  class=\"gfield gfield25 gfieldRight gfield_contains_required field_sublabel_below field_description_below gfield_visibility_visible\"  data-js-reload=\"field_2_9\"><label class='gfield_label' for='input_2_9' >Et\u00e0 bambini<span class=\"gfield_required\"><span class=\"gfield_required gfield_required_asterisk\">*<\/span><\/span><\/label><div class='ginput_container ginput_container_select'><select name='input_9' id='input_2_9' class='medium gfield_select'    aria-required=\"true\" aria-invalid=\"false\" ><option value='' >\u00c2ge<\/option><option value='0' >0<\/option><option value='1' >1<\/option><option value='2' >2<\/option><option value='3' >3<\/option><option value='4' >4<\/option><option value='5' >5<\/option><option value='6' >6<\/option><option value='7' >7<\/option><option value='8' >8<\/option><option value='9' >9<\/option><option value='10' >10<\/option><option value='11' >11<\/option><option value='12' >12<\/option><option value='13' >13<\/option><option value='14' >14<\/option><option value='15' >15<\/option><option value='16' >16<\/option><option value='17' >17<\/option><\/select><\/div><\/li><li id=\"field_2_13\"  class=\"gfield gfield50 gfieldLeft gfieldClear gfield_contains_required field_sublabel_below field_description_below gfield_visibility_visible\"  data-js-reload=\"field_2_13\"><label class='gfield_label' for='input_2_13' >Nom<span class=\"gfield_required\"><span class=\"gfield_required gfield_required_asterisk\">*<\/span><\/span><\/label><div class='ginput_container ginput_container_text'><input name='input_13' id='input_2_13' type='text' value='' class='medium'     aria-required=\"true\" aria-invalid=\"false\"   \/> <\/div><\/li><li id=\"field_2_17\"  class=\"gfield gfield50 gfieldRight field_sublabel_below field_description_below gfield_visibility_visible\"  data-js-reload=\"field_2_17\"><label class='gfield_label' for='input_2_17' >Nom<\/label><div class='ginput_container ginput_container_text'><input name='input_17' id='input_2_17' type='text' value='' class='medium'      aria-invalid=\"false\"   \/> <\/div><\/li><li id=\"field_2_12\"  class=\"gfield gfield50 gfieldLeft gfieldClear gfield_contains_required field_sublabel_below field_description_below gfield_visibility_visible\"  data-js-reload=\"field_2_12\"><label class='gfield_label' for='input_2_12' >Email<span class=\"gfield_required\"><span class=\"gfield_required gfield_required_asterisk\">*<\/span><\/span><\/label><div class='ginput_container ginput_container_email'>\n                            <input name='input_12' id='input_2_12' type='email' value='' class='medium'    aria-required=\"true\" aria-invalid=\"false\"  \/>\n                        <\/div><\/li><li id=\"field_2_18\"  class=\"gfield gfield50 gfieldRight field_sublabel_below field_description_below gfield_visibility_visible\"  data-js-reload=\"field_2_18\"><label class='gfield_label' for='input_2_18' >T\u00e9l\u00e9phone<\/label><div class='ginput_container ginput_container_text'><input name='input_18' id='input_2_18' type='text' value='' class='medium'      aria-invalid=\"false\"   \/> <\/div><\/li><li id=\"field_2_10\"  class=\"gfield gfieldClear field_sublabel_below field_description_below gfield_visibility_visible\"  data-js-reload=\"field_2_10\"><label class='gfield_label' for='input_2_10' >Message<\/label><div class='ginput_container ginput_container_textarea'><textarea name='input_10' id='input_2_10' class='textarea medium'      aria-invalid=\"false\"   rows='10' cols='50'><\/textarea><\/div><\/li><li id=\"field_2_11\"  class=\"gfield privacy field_sublabel_below field_description_below gfield_visibility_visible\"  data-js-reload=\"field_2_11\"><label class='gfield_label gfield_label_before_complex'  >Newsletter<\/label><div class='ginput_container ginput_container_checkbox'><ul class='gfield_checkbox' id='input_2_11'><li class='gchoice gchoice_2_11_1'>\n\t\t\t\t\t\t\t\t<input class='gfield-choice-input' name='input_11.1' type='checkbox'  value='Iscrizione Newsletter'  id='choice_2_11_1'   aria-describedby=\"gfield_description_2_11\"\/>\n\t\t\t\t\t\t\t\t<label for='choice_2_11_1' id='label_2_11_1'>Je souhaite recevoir des offres exclusives !<\/label>\n\t\t\t\t\t\t\t<\/li><\/ul><\/div><div class='gfield_description' id='gfield_description_2_11'>J\u2019autorise l\u2019envoi de communications et newsletters. Politique de confidentialit\u00e9<\/div><\/li><li id=\"field_2_21\"  class=\"gfield privacy gfield_contains_required field_sublabel_below field_description_below gfield_visibility_visible\"  data-js-reload=\"field_2_21\"><label class='gfield_label gfield_label_before_complex'  >Privacy Policy<span class=\"gfield_required\"><span class=\"gfield_required gfield_required_asterisk\">*<\/span><\/span><\/label><div class='ginput_container ginput_container_checkbox'><ul class='gfield_checkbox' id='input_2_21'><li class='gchoice gchoice_2_21_1'>\n\t\t\t\t\t\t\t\t<input class='gfield-choice-input' name='input_21.1' type='checkbox'  value='Privacy policy *'  id='choice_2_21_1'   aria-describedby=\"gfield_description_2_21\"\/>\n\t\t\t\t\t\t\t\t<label for='choice_2_21_1' id='label_2_21_1'>Privacy policy *<\/label>\n\t\t\t\t\t\t\t<\/li><\/ul><\/div><div class='gfield_description' id='gfield_description_2_21'><a href=\"http:\/\/www.hotelmilanocesenatico.com\/fr\/privacy\/\" target=\"_blank\">Je d\u00e9clare accepter les Termes du Service et la Politique de Confidentialit\u00e9<\/a><\/div><\/li><li id=\"field_2_14\"  class=\"gfield gfield_html gfield_html_formatted field_sublabel_below field_description_below gfield_visibility_visible\"  data-js-reload=\"field_2_14\"><input type=\"hidden\" name=\"track-form-event\" class=\"track-form-event\" value=\"richiesta preventivo\"><\/li><li id=\"field_2_15\"  class=\"gfield gform_hidden field_sublabel_below field_description_below gfield_visibility_visible\"  data-js-reload=\"field_2_15\"><div class='ginput_container ginput_container_text'><input name='input_15' id='input_2_15' type='hidden' class='gform_hidden'  aria-invalid=\"false\" value='fr' \/><\/div><\/li><li id=\"field_2_16\"  class=\"gfield gform_hidden field_sublabel_below field_description_below gfield_visibility_visible\"  data-js-reload=\"field_2_16\"><label class='gfield_label' for='input_2_16' >Tracking Form<\/label><input type='hidden' name='input_16' id='trackingform-16' class='input_trackingform' value='Tjs='\/><\/li><li id=\"field_2_19\"  class=\"gfield gform_hidden field_sublabel_below field_description_below gfield_visibility_visible\"  data-js-reload=\"field_2_19\"><label class='gfield_label' for='input_2_19' >Tracking Form Referrer<\/label><input type='hidden' name='input_19' id='trackingformreferrer-19' class='input_trackingform_referrer' value=''\/><\/li><li id=\"field_2_20\"  class=\"gfield field_sublabel_below field_description_below gfield_visibility_visible\"  data-js-reload=\"field_2_20\"><label class='gfield_label screen-reader-text' for='input_2_20' ><\/label><div id='input_2_20' class='ginput_container ginput_recaptcha' data-sitekey='6Lf-gNwUAAAAAE8f76EP6QGL1oatEdRuxfPSEPX-'  data-theme='light' data-tabindex='-1' data-size='invisible' data-badge='bottomright'><\/div><\/li><\/ul><\/div>\n        <div class='gform_footer top_label'> <input type='submit' id='gform_submit_button_2' class='gform_button button' value='Envoyer'  onclick='if(window[\"gf_submitting_2\"]){return false;}  if( !jQuery(\"#gform_2\")[0].checkValidity || jQuery(\"#gform_2\")[0].checkValidity()){window[\"gf_submitting_2\"]=true;}  ' onkeypress='if( event.keyCode == 13 ){ if(window[\"gf_submitting_2\"]){return false;} if( !jQuery(\"#gform_2\")[0].checkValidity || jQuery(\"#gform_2\")[0].checkValidity()){window[\"gf_submitting_2\"]=true;}  jQuery(\"#gform_2\").trigger(\"submit\",[true]); }' \/> \n            <input type='hidden' class='gform_hidden' name='is_submit_2' value='1' \/>\n            <input type='hidden' class='gform_hidden' name='gform_submit' value='2' \/>\n            \n            <input type='hidden' class='gform_hidden' name='gform_unique_id' value='' \/>\n            <input type='hidden' class='gform_hidden' name='state_2' value='WyJbXSIsImI4MGVjZTZmNGJhYzExYTliMTgzY2IzZTlhZDk1NzMzIl0=' \/>\n            <input type='hidden' class='gform_hidden' name='gform_target_page_number_2' id='gform_target_page_number_2' value='0' \/>\n            <input type='hidden' class='gform_hidden' name='gform_source_page_number_2' id='gform_source_page_number_2' value='1' \/>\n            <input type='hidden' name='gform_field_values' value='lingua=fr' \/>\n            \n        <\/div>\n                        <\/form>\n                        <\/div>\n","protected":false},"excerpt":{"rendered":"<p>Vos vacances \u00e0 seulement 80 m\u00e8tres de la mer. \u00c0 l&rsquo;H\u00f4tel Milano s&rsquo;il vous pla\u00eet venir avec de nombreux services Piscine avec bain \u00e0 remous et solarium Parking Coin des jeux pour enfants Service \u00ab\u00a0all inclusive\u00a0\u00bb sur demande: 1 parasol et 2 chaises longues et des boissons (en carafe) Espace d\u00e9tente dans le jardin Espace [&hellip;]<\/p>\n","protected":false},"author":4,"featured_media":0,"parent":0,"menu_order":0,"comment_status":"closed","ping_status":"closed","template":"","meta":{"_acf_changed":false},"class_list":["post-352","page","type-page","status-publish","hentry"],"acf":[],"aioseo_notices":[],"_links":{"self":[{"href":"https:\/\/www.hotelmilanocesenatico.com\/fr\/wp-json\/wp\/v2\/pages\/352","targetHints":{"allow":["GET"]}}],"collection":[{"href":"https:\/\/www.hotelmilanocesenatico.com\/fr\/wp-json\/wp\/v2\/pages"}],"about":[{"href":"https:\/\/www.hotelmilanocesenatico.com\/fr\/wp-json\/wp\/v2\/types\/page"}],"author":[{"embeddable":true,"href":"https:\/\/www.hotelmilanocesenatico.com\/fr\/wp-json\/wp\/v2\/users\/4"}],"replies":[{"embeddable":true,"href":"https:\/\/www.hotelmilanocesenatico.com\/fr\/wp-json\/wp\/v2\/comments?post=352"}],"version-history":[{"count":1,"href":"https:\/\/www.hotelmilanocesenatico.com\/fr\/wp-json\/wp\/v2\/pages\/352\/revisions"}],"predecessor-version":[{"id":354,"href":"https:\/\/www.hotelmilanocesenatico.com\/fr\/wp-json\/wp\/v2\/pages\/352\/revisions\/354"}],"wp:attachment":[{"href":"https:\/\/www.hotelmilanocesenatico.com\/fr\/wp-json\/wp\/v2\/media?parent=352"}],"curies":[{"name":"wp","href":"https:\/\/api.w.org\/{rel}","templated":true}]}}