{"id":389,"date":"2014-04-30T11:31:19","date_gmt":"2014-04-30T09:31:19","guid":{"rendered":"https:\/\/www.hotelmilanocesenatico.com\/fr\/raggiungere-cesenatico\/"},"modified":"2016-04-22T11:08:30","modified_gmt":"2016-04-22T09:08:30","slug":"ou-nous-sommes","status":"publish","type":"page","link":"https:\/\/www.hotelmilanocesenatico.com\/fr\/ou-nous-sommes\/","title":{"rendered":"Comment arriver \u00e0 notre h\u00f4tel sur le front de mer de Cesenatico"},"content":{"rendered":"<p>L&#8217;emplacement est notre point fort. Nous sommes au c\u0153ur de Cesenatico, \u00e0 80 m\u00e8tres de la mer et non loin de rues commer\u00e7antes. Et si vous aimez les sports ou tout simplement profiter de l&rsquo;arri\u00e8re-pays ou les beaux<strong> parcs \u00e0 th\u00e8me de la Romagne<\/strong> nous sommes \u00e0:<\/p>\n<ul>\n<li>2 km du terrain de golf 9 trous<\/li>\n<li>21 Km de parc d&rsquo;attractions Mirabilandia<\/li>\n<li>25 km du parc d&rsquo;attractions Fiabilandia<\/li>\n<li>30 km du parc aquatique Acquafan<\/li>\n<li>2 km du parc aquatique Atlantica<\/li>\n<li>30 Km de la R\u00e9publique de Saint-Marin<\/li>\n<li>25 km de l&rsquo;a\u00e9roport de Rimini Miramare<\/li>\n<li>13 kilom\u00e8tres de l&rsquo;autoroute sortie Cesena<\/li>\n<li>0,7 km de la gare de Cesenatico<\/li>\n<\/ul>\n<p>&nbsp;<\/p>\n<p>Voir la carte Google et rejoignez-nous pour profiter de la meilleure des vacances!<\/p>\n","protected":false},"excerpt":{"rendered":"<p>L&#8217;emplacement est notre point fort. Nous sommes au c\u0153ur de Cesenatico, \u00e0 80 m\u00e8tres de la mer et non loin de rues commer\u00e7antes. Et si vous aimez les sports ou tout simplement profiter de l&rsquo;arri\u00e8re-pays ou les beaux parcs \u00e0 th\u00e8me de la Romagne nous sommes \u00e0: 2 km du terrain de golf 9 trous [&hellip;]<\/p>\n","protected":false},"author":4,"featured_media":0,"parent":0,"menu_order":0,"comment_status":"closed","ping_status":"closed","template":"","meta":{"_acf_changed":false},"class_list":["post-389","page","type-page","status-publish","hentry"],"acf":[],"aioseo_notices":[],"_links":{"self":[{"href":"https:\/\/www.hotelmilanocesenatico.com\/fr\/wp-json\/wp\/v2\/pages\/389","targetHints":{"allow":["GET"]}}],"collection":[{"href":"https:\/\/www.hotelmilanocesenatico.com\/fr\/wp-json\/wp\/v2\/pages"}],"about":[{"href":"https:\/\/www.hotelmilanocesenatico.com\/fr\/wp-json\/wp\/v2\/types\/page"}],"author":[{"embeddable":true,"href":"https:\/\/www.hotelmilanocesenatico.com\/fr\/wp-json\/wp\/v2\/users\/4"}],"replies":[{"embeddable":true,"href":"https:\/\/www.hotelmilanocesenatico.com\/fr\/wp-json\/wp\/v2\/comments?post=389"}],"version-history":[{"count":1,"href":"https:\/\/www.hotelmilanocesenatico.com\/fr\/wp-json\/wp\/v2\/pages\/389\/revisions"}],"predecessor-version":[{"id":392,"href":"https:\/\/www.hotelmilanocesenatico.com\/fr\/wp-json\/wp\/v2\/pages\/389\/revisions\/392"}],"wp:attachment":[{"href":"https:\/\/www.hotelmilanocesenatico.com\/fr\/wp-json\/wp\/v2\/media?parent=389"}],"curies":[{"name":"wp","href":"https:\/\/api.w.org\/{rel}","templated":true}]}}